{"id":86,"date":"2023-10-14T23:48:13","date_gmt":"2023-10-14T21:48:13","guid":{"rendered":"https:\/\/csillag-praxis.hu\/idopont\/?page_id=86"},"modified":"2023-10-21T20:31:46","modified_gmt":"2023-10-21T18:31:46","slug":"idopont","status":"publish","type":"page","link":"https:\/\/csillag-praxis.hu\/idopont\/","title":{"rendered":"Id\u0151pontfoglal\u00e1s"},"content":{"rendered":"\t\t<div data-elementor-type=\"wp-post\" data-elementor-id=\"86\" class=\"elementor elementor-86\" data-elementor-post-type=\"page\">\n\t\t\t\t<div class=\"elementor-element elementor-element-e47ce40 e-flex e-con-boxed e-con e-parent\" data-id=\"e47ce40\" data-element_type=\"container\" data-e-type=\"container\" data-settings=\"{&quot;background_background&quot;:&quot;classic&quot;}\">\n\t\t\t\t\t<div class=\"e-con-inner\">\n\t\t\t\t<div class=\"elementor-element elementor-element-0313d7f elementor-widget elementor-widget-image\" data-id=\"0313d7f\" data-element_type=\"widget\" data-e-type=\"widget\" data-widget_type=\"image.default\">\n\t\t\t\t<div class=\"elementor-widget-container\">\n\t\t\t\t\t\t\t\t\t\t\t\t\t\t\t\t<a href=\"https:\/\/csillag-praxis.hu\">\n\t\t\t\t\t\t\t<img decoding=\"async\" width=\"209\" height=\"109\" src=\"https:\/\/csillag-praxis.hu\/idopont\/wp-content\/uploads\/2023\/10\/logo-2.png\" class=\"attachment-large size-large wp-image-259\" alt=\"\" \/>\t\t\t\t\t\t\t\t<\/a>\n\t\t\t\t\t\t\t\t\t\t\t\t\t\t\t<\/div>\n\t\t\t\t<\/div>\n\t\t\t\t<div class=\"elementor-element elementor-element-e25e2cc elementor-widget elementor-widget-image\" data-id=\"e25e2cc\" data-element_type=\"widget\" data-e-type=\"widget\" data-widget_type=\"image.default\">\n\t\t\t\t<div class=\"elementor-widget-container\">\n\t\t\t\t\t\t\t\t\t\t\t\t\t\t\t<img decoding=\"async\" width=\"144\" height=\"184\" src=\"https:\/\/csillag-praxis.hu\/idopont\/wp-content\/uploads\/2023\/10\/dr_ellen_spengler_small.jpg\" class=\"attachment-large size-large wp-image-82\" alt=\"\" \/>\t\t\t\t\t\t\t\t\t\t\t\t\t\t\t<\/div>\n\t\t\t\t<\/div>\n\t\t\t\t<div class=\"elementor-element elementor-element-6fa9c70 elementor-widget elementor-widget-heading\" data-id=\"6fa9c70\" data-element_type=\"widget\" data-e-type=\"widget\" data-widget_type=\"heading.default\">\n\t\t\t\t<div class=\"elementor-widget-container\">\n\t\t\t\t\t<h3 class=\"elementor-heading-title elementor-size-default\">Ultrahangvizsg\u00e1lat<\/h3>\t\t\t\t<\/div>\n\t\t\t\t<\/div>\n\t\t\t\t<div class=\"elementor-element elementor-element-7922f13 elementor-widget elementor-widget-heading\" data-id=\"7922f13\" data-element_type=\"widget\" data-e-type=\"widget\" data-widget_type=\"heading.default\">\n\t\t\t\t<div class=\"elementor-widget-container\">\n\t\t\t\t\t<h4 class=\"elementor-heading-title elementor-size-default\">Dr. Spengler Ellen<br>\nRadiol\u00f3gus szakorvos<\/h4>\t\t\t\t<\/div>\n\t\t\t\t<\/div>\n\t\t<div class=\"elementor-element elementor-element-708b4f9 e-flex e-con-boxed e-con e-child\" data-id=\"708b4f9\" data-element_type=\"container\" data-e-type=\"container\">\n\t\t\t\t\t<div class=\"e-con-inner\">\n\t\t\t\t<div class=\"elementor-element elementor-element-80c972c elementor-cta--skin-cover elementor-cta--valign-middle elementor-widget__width-initial elementor-animated-content elementor-bg-transform elementor-bg-transform-zoom-in elementor-widget elementor-widget-call-to-action\" data-id=\"80c972c\" data-element_type=\"widget\" data-e-type=\"widget\" data-widget_type=\"call-to-action.default\">\n\t\t\t\t<div class=\"elementor-widget-container\">\n\t\t\t\t\t\t\t<div class=\"elementor-cta\">\n\t\t\t\t\t<div class=\"elementor-cta__bg-wrapper\">\n\t\t\t\t<div class=\"elementor-cta__bg elementor-bg\" style=\"background-image: url();\" role=\"img\" aria-label=\"\"><\/div>\n\t\t\t\t<div class=\"elementor-cta__bg-overlay\"><\/div>\n\t\t\t<\/div>\n\t\t\t\t\t\t\t<div class=\"elementor-cta__content\">\n\t\t\t\t\n\t\t\t\t\t\t\t\t\t<h1 class=\"elementor-cta__title elementor-cta__content-item elementor-content-item elementor-animated-item--grow\">\n\t\t\t\t\t\t<strong>ONLINE ID\u0150PONT<br>FOGLAL\u00c1S<\/strong>\t\t\t\t\t<\/h1>\n\t\t\t\t\n\t\t\t\t\t\t\t\t\t<h5 class=\"elementor-cta__description elementor-cta__content-item elementor-content-item elementor-animated-item--grow\">\n\t\t\t\t\t\tJel\u00f6lje be a k\u00edv\u00e1nt napot \u00e9s id\u0151pontot a mell\u00e9kelt napt\u00e1rban!<br><br><br><strong>Kett\u0151 id\u0151pontot kell foglalni egym\u00e1s ut\u00e1n, ha t\u00f6bbf\u00e9le vizsg\u00e1latot szeretne!<\/strong>\t\t\t\t\t<\/h5>\n\t\t\t\t\n\t\t\t\t\t\t\t<\/div>\n\t\t\t\t\t\t<\/div>\n\t\t\t\t\t\t<\/div>\n\t\t\t\t<\/div>\n\t\t<div class=\"elementor-element elementor-element-477c4e2 e-flex e-con-boxed e-con e-child\" data-id=\"477c4e2\" data-element_type=\"container\" data-e-type=\"container\">\n\t\t\t\t\t<div class=\"e-con-inner\">\n\t\t\t\t<div class=\"elementor-element elementor-element-9a3dda0 elementor-widget elementor-widget-shortcode\" data-id=\"9a3dda0\" data-element_type=\"widget\" data-e-type=\"widget\" data-widget_type=\"shortcode.default\">\n\t\t\t\t<div class=\"elementor-widget-container\">\n\t\t\t\t\t\t\t<div class=\"elementor-shortcode\"><!--\nPlugin Name: Bookly \u2013 Responsive WordPress Appointment Booking and Scheduling Plugin\nPlugin URI: https:\/\/www.booking-wp-plugin.com\/?utm_source=bookly_admin&utm_medium=plugins_page&utm_campaign=plugins_page\nVersion: 22.4-->\n    <style type=\"text\/css\">\n        \/* Color *\/\n        .bookly-form .bookly-form-group > label,\n        .bookly-form .bookly-label-error,\n        .bookly-form .bookly-progress-tracker > .active,\n        .bookly-form .picker__nav--next,\n        .bookly-form .pickadate__nav--prev,\n        .bookly-form .picker__day:hover,\n        .bookly-form .picker__day--selected:hover,\n        .bookly-form .picker--opened .picker__day--selected,\n        .bookly-form .picker__button--clear,\n        .bookly-form .picker__button--today,\n        .bookly-form .bookly-columnizer .bookly-hour span.bookly-waiting-list {\n            color: #691c1e !important;\n        }\n\n        \/* Background *\/\n        .bookly-form .bookly-progress-tracker > .active .step,\n        .bookly-form .picker__frame,\n        .bookly-form .bookly-service-step .bookly-week-days label,\n        .bookly-form .bookly-repeat-step .bookly-week-days label,\n        .bookly-form .bookly-columnizer .bookly-hour:active .bookly-hour-icon span,\n        .bookly-form .bookly-btn,\n        .bookly-form .bookly-btn:active,\n        .bookly-form .bookly-btn:focus,\n        .bookly-form .bookly-btn:hover,\n        .bookly-form .bookly-btn-submit,\n        .bookly-form .bookly-round,\n        .bookly-form .bookly-square,\n        .bookly-form .bookly-pagination > li.active {\n            background-color: #691c1e !important;\n        }\n\n        .bookly-form .bookly-triangle {\n            border-bottom-color: #691c1e !important;\n        }\n\n        \/* Border *\/\n        .bookly-form input[type=\"text\"].bookly-error,\n        .bookly-form input[type=\"password\"].bookly-error,\n        .bookly-form select.bookly-error,\n        .bookly-form textarea.bookly-error,\n        .bookly-form .bookly-week-days.bookly-error,\n        .bookly-extra-step div.bookly-extras-thumb.bookly-extras-selected {\n            border: 2px solid #691c1e !important;\n        }\n\n        \/* Other *\/\n        .bookly-form .picker__header {\n            border-bottom: 1px solid #691c1e !important;\n        }\n\n        .bookly-form .picker__nav--next:before {\n            border-left: 6px solid #691c1e !important;\n        }\n\n        .bookly-form .picker__nav--prev:before {\n            border-right: 6px solid #691c1e !important;\n        }\n\n        .bookly-form .bookly-service-step .bookly-week-days label.active, .bookly-form .bookly-repeat-step .bookly-week-days label.active {\n            background: #691c1e url(https:\/\/csillag-praxis.hu\/idopont\/wp-content\/plugins\/bookly-responsive-appointment-booking-tool\/frontend\/resources\/images\/checkbox.png) 0 0 no-repeat !important;\n        }\n\n        .bookly-form .bookly-columnizer .bookly-day, .bookly-form .bookly-schedule-date {\n            background: #691c1e !important;\n            border: 1px solid #691c1e !important;\n        }\n\n        .bookly-form .bookly-pagination > li.active a {\n            border: 1px solid #691c1e !important;\n        }\n\n        .bookly-form .bookly-columnizer .bookly-hour:active {\n            border: 2px solid #691c1e !important;\n            color: #691c1e !important;\n        }\n\n        .bookly-form .bookly-columnizer .bookly-hour:active .bookly-hour-icon {\n            background: none;\n            border: 2px solid #691c1e !important;\n            color: #691c1e !important;\n            width: auto;\n            height: auto;\n            padding: 3px;\n            border-radius: 25px;\n            margin-right: 3px;\n        }\n\n        .bookly-form .bookly-columnizer .bookly-hour:active .bookly-hour-icon span {\n            background-color: #691c1e !important;\n            width: 8px;\n            height: 8px;\n            border-radius: 10px;\n            display: block;\n        }\n\n        @media (hover) {\n            .bookly-form .bookly-columnizer .bookly-hour:hover {\n                border: 2px solid #691c1e !important;\n                color: #691c1e !important;\n            }\n\n            .bookly-form .bookly-columnizer .bookly-hour:hover .bookly-hour-icon {\n                background: none;\n                border: 2px solid #691c1e !important;\n                color: #691c1e !important;\n            }\n\n            .bookly-form .bookly-columnizer .bookly-hour:hover .bookly-hour-icon span {\n                background-color: #691c1e !important;\n            }\n        }\n    <\/style>\n\n    <style type=\"text\/css\">\n        .page-id-86 .bookly-columnizer .bookly-hour span {\nfont-weight: bolder;\n}\n\n.page-id-86 .bookly-time-step {\n    margin: auto;\n}\n\n.bookly-progress-tracker .step {\n    height: 4px;\n    background: #e9ecef;\n    margin-top: 5px;\n}\n\n.bookly-form input[type=\"text\"], .bookly-form input[type=\"number\"], .bookly-form input[type=\"password\"], .bookly-form select, .bookly-form textarea {\n    font-size: 14px !important;\n    line-height: normal !important;\n    border: 1px solid #691c1e !important;\n    border-radius: 4px !important;\n    width: 100% !important;\n}\n\n.bookly-nav-steps {\n    padding-top: 20px !important;\n    border-top: 1px solid #691c1e !important;\n    overflow: hidden;\n}    <\/style>\n<div id=\"bookly-form-69f837cd18af0\" class=\"bookly-form\" data-form_id=\"69f837cd18af0\">\n    <div style=\"text-align: center\"><img decoding=\"async\" src=\"https:\/\/csillag-praxis.hu\/idopont\/wp-includes\/js\/tinymce\/skins\/lightgray\/img\/loader.gif\" alt=\"Loading...\"\/><\/div>\n<\/div>\n<script type=\"text\/javascript\">\n    (function (win, fn) {\n        var done = false, top = true,\n            doc = win.document,\n            root = doc.documentElement,\n            modern = doc.addEventListener,\n            add = modern ? 'addEventListener' : 'attachEvent',\n            rem = modern ? 'removeEventListener' : 'detachEvent',\n            pre = modern ? '' : 'on',\n            init = function(e) {\n                if (e.type == 'readystatechange') if (doc.readyState != 'complete') return;\n                (e.type == 'load' ? win : doc)[rem](pre + e.type, init, false);\n                if (!done) { done = true; fn.call(win, e.type || e); }\n            },\n            poll = function() {\n                try { root.doScroll('left'); } catch(e) { setTimeout(poll, 50); return; }\n                init('poll');\n            };\n        if (doc.readyState == 'complete') fn.call(win, 'lazy');\n        else {\n            if (!modern) if (root.doScroll) {\n                try { top = !win.frameElement; } catch(e) { }\n                if (top) poll();\n            }\n            doc[add](pre + 'DOMContentLoaded', init, false);\n            doc[add](pre + 'readystatechange', init, false);\n            win[add](pre + 'load', init, false);\n        }\n    })(window, function() {\n        window.bookly( {\"form_id\":\"69f837cd18af0\",\"status\":{\"booking\":\"new\"},\"skip_steps\":{\"service_part1\":1,\"service_part2\":1,\"extras\":1,\"time\":0,\"repeat\":1,\"cart\":1},\"errors\":{\"session_error\":\"Session error.\",\"form_id_error\":\"Form ID error.\",\"cart_item_not_available\":\"Az id\\u0151pont m\\u00e1r foglalt.\",\"pay_locally_not_available\":\"Pay locally is not available.\",\"invalid_gateway\":\"Invalid gateway.\",\"payment_error\":\"Error.\",\"incorrect_username_password\":\"Hib\\u00e1s felhaszn\\u00e1l\\u00f3 n\\u00e9v vagy jelsz\\u00f3.\"},\"form_attributes\":{\"hide_categories\":true,\"hide_services\":true,\"hide_staff_members\":true,\"show_number_of_persons\":false,\"hide_service_duration\":true,\"hide_locations\":true,\"hide_quantity\":true,\"hide_date\":true,\"hide_week_days\":true,\"hide_time_range\":true,\"const_category_id\":-1},\"use_client_time_zone\":0,\"firstDay\":1,\"date_format\":\"yyyy.mm.dd.\",\"defaults\":{\"service_id\":1,\"staff_id\":1,\"location_id\":0,\"category_id\":-1},\"facebook\":{\"enabled\":0,\"appId\":\"\"}} );\n    });\n<\/script><\/div>\n\t\t\t\t\t\t<\/div>\n\t\t\t\t<\/div>\n\t\t\t\t\t<\/div>\n\t\t\t\t<\/div>\n\t\t\t\t\t<\/div>\n\t\t\t\t<\/div>\n\t\t\t\t<div class=\"elementor-element elementor-element-73a2544 elementor-widget elementor-widget-button\" data-id=\"73a2544\" data-element_type=\"widget\" data-e-type=\"widget\" data-widget_type=\"button.default\">\n\t\t\t\t<div class=\"elementor-widget-container\">\n\t\t\t\t\t\t\t\t\t<div class=\"elementor-button-wrapper\">\n\t\t\t\t\t<a class=\"elementor-button elementor-button-link elementor-size-sm\" href=\"https:\/\/csillag-praxis.hu\/idopont\">\n\t\t\t\t\t\t<span class=\"elementor-button-content-wrapper\">\n\t\t\t\t\t\t\t\t\t<span class=\"elementor-button-text\">Vissza a napt\u00e1rra<\/span>\n\t\t\t\t\t<\/span>\n\t\t\t\t\t<\/a>\n\t\t\t\t<\/div>\n\t\t\t\t\t\t\t\t<\/div>\n\t\t\t\t<\/div>\n\t\t\t\t<div class=\"elementor-element elementor-element-8fcc36d elementor-widget elementor-widget-button\" data-id=\"8fcc36d\" data-element_type=\"widget\" data-e-type=\"widget\" data-widget_type=\"button.default\">\n\t\t\t\t<div class=\"elementor-widget-container\">\n\t\t\t\t\t\t\t\t\t<div class=\"elementor-button-wrapper\">\n\t\t\t\t\t<a class=\"elementor-button elementor-button-link elementor-size-sm\" href=\"https:\/\/csillag-praxis.hu\">\n\t\t\t\t\t\t<span class=\"elementor-button-content-wrapper\">\n\t\t\t\t\t\t\t\t\t<span class=\"elementor-button-text\">Vissza a f\u0151oldalra<\/span>\n\t\t\t\t\t<\/span>\n\t\t\t\t\t<\/a>\n\t\t\t\t<\/div>\n\t\t\t\t\t\t\t\t<\/div>\n\t\t\t\t<\/div>\n\t\t\t\t\t<\/div>\n\t\t\t\t<\/div>\n\t\t\t\t<\/div>\n\t\t","protected":false},"excerpt":{"rendered":"<p>Ultrahangvizsg\u00e1lat Dr. Spengler Ellen Radiol\u00f3gus szakorvos ONLINE ID\u0150PONTFOGLAL\u00c1S Jel\u00f6lje be a k\u00edv\u00e1nt napot \u00e9s id\u0151pontot a mell\u00e9kelt napt\u00e1rban! Kett\u0151 id\u0151pontot kell foglalni egym\u00e1s ut\u00e1n, ha t\u00f6bbf\u00e9le vizsg\u00e1latot szeretne! Vissza a napt\u00e1rra Vissza a f\u0151oldalra<\/p>\n","protected":false},"author":1,"featured_media":0,"parent":0,"menu_order":0,"comment_status":"closed","ping_status":"closed","template":"elementor_header_footer","meta":{"_monsterinsights_skip_tracking":false,"_monsterinsights_sitenote_active":false,"_monsterinsights_sitenote_note":"","_monsterinsights_sitenote_category":0,"footnotes":""},"class_list":["post-86","page","type-page","status-publish","hentry"],"_links":{"self":[{"href":"https:\/\/csillag-praxis.hu\/idopont\/wp-json\/wp\/v2\/pages\/86","targetHints":{"allow":["GET"]}}],"collection":[{"href":"https:\/\/csillag-praxis.hu\/idopont\/wp-json\/wp\/v2\/pages"}],"about":[{"href":"https:\/\/csillag-praxis.hu\/idopont\/wp-json\/wp\/v2\/types\/page"}],"author":[{"embeddable":true,"href":"https:\/\/csillag-praxis.hu\/idopont\/wp-json\/wp\/v2\/users\/1"}],"replies":[{"embeddable":true,"href":"https:\/\/csillag-praxis.hu\/idopont\/wp-json\/wp\/v2\/comments?post=86"}],"version-history":[{"count":119,"href":"https:\/\/csillag-praxis.hu\/idopont\/wp-json\/wp\/v2\/pages\/86\/revisions"}],"predecessor-version":[{"id":283,"href":"https:\/\/csillag-praxis.hu\/idopont\/wp-json\/wp\/v2\/pages\/86\/revisions\/283"}],"wp:attachment":[{"href":"https:\/\/csillag-praxis.hu\/idopont\/wp-json\/wp\/v2\/media?parent=86"}],"curies":[{"name":"wp","href":"https:\/\/api.w.org\/{rel}","templated":true}]}}